{"id":23,"date":"2025-11-15T16:42:36","date_gmt":"2025-11-15T16:42:36","guid":{"rendered":"https:\/\/criacao.essencialmedia.com.br\/lpcapturaeobrigado\/?page_id=23"},"modified":"2025-11-15T19:20:08","modified_gmt":"2025-11-15T19:20:08","slug":"pagina-de-captura","status":"publish","type":"page","link":"https:\/\/criacao.essencialmedia.com.br\/lpcapturaeobrigado\/","title":{"rendered":"P\u00e1gina De Captura"},"content":{"rendered":"\t\t<div data-elementor-type=\"wp-page\" data-elementor-id=\"23\" class=\"elementor elementor-23\" data-elementor-post-type=\"page\">\n\t\t\t\t<div class=\"elementor-element elementor-element-9c40148 e-flex e-con-boxed e-con e-parent\" data-id=\"9c40148\" data-element_type=\"container\" data-e-type=\"container\" data-settings=\"{&quot;background_background&quot;:&quot;classic&quot;}\">\n\t\t\t\t\t<div class=\"e-con-inner\">\n\t\t\t\t<div class=\"elementor-element elementor-element-0a7d634 elementor-widget elementor-widget-image\" data-id=\"0a7d634\" data-element_type=\"widget\" data-e-type=\"widget\" data-widget_type=\"image.default\">\n\t\t\t\t\t\t\t\t\t\t\t\t\t\t\t<img fetchpriority=\"high\" decoding=\"async\" width=\"1164\" height=\"384\" src=\"https:\/\/criacao.essencialmedia.com.br\/lpcapturaeobrigado\/wp-content\/uploads\/2025\/11\/LOGO-2.png\" class=\"attachment-full size-full wp-image-19\" alt=\"\" srcset=\"https:\/\/criacao.essencialmedia.com.br\/lpcapturaeobrigado\/wp-content\/uploads\/2025\/11\/LOGO-2.png 1164w, https:\/\/criacao.essencialmedia.com.br\/lpcapturaeobrigado\/wp-content\/uploads\/2025\/11\/LOGO-2-300x99.png 300w, https:\/\/criacao.essencialmedia.com.br\/lpcapturaeobrigado\/wp-content\/uploads\/2025\/11\/LOGO-2-1024x338.png 1024w, https:\/\/criacao.essencialmedia.com.br\/lpcapturaeobrigado\/wp-content\/uploads\/2025\/11\/LOGO-2-768x253.png 768w\" sizes=\"(max-width: 1164px) 100vw, 1164px\" \/>\t\t\t\t\t\t\t\t\t\t\t\t\t\t\t<\/div>\n\t\t\t\t<div class=\"elementor-element elementor-element-1524aed elementor-widget__width-initial elementor-widget-mobile__width-inherit elementor-widget elementor-widget-heading\" data-id=\"1524aed\" data-element_type=\"widget\" data-e-type=\"widget\" data-widget_type=\"heading.default\">\n\t\t\t\t\t<h2 class=\"elementor-heading-title elementor-size-default\">Descubra Como Multiplicar Suas Vendas Online<\/h2>\t\t\t\t<\/div>\n\t\t\t\t<div class=\"elementor-element elementor-element-dbcb1ed elementor-widget__width-initial elementor-widget-mobile__width-inherit elementor-widget elementor-widget-text-editor\" data-id=\"dbcb1ed\" data-element_type=\"widget\" data-e-type=\"widget\" data-widget_type=\"text-editor.default\">\n\t\t\t\t\t\t\t\t\t<p>Receba gratuitamente o Guia Pr\u00e1tico de Estrutura de Vendas, usado por empresas que crescem at\u00e9 300% em menos de 6 meses.<\/p>\t\t\t\t\t\t\t\t<\/div>\n\t\t\t\t<div class=\"elementor-element elementor-element-97d5542 elementor-widget__width-initial elementor-widget-mobile__width-inherit elementor-button-align-stretch elementor-widget elementor-widget-form\" data-id=\"97d5542\" data-element_type=\"widget\" data-e-type=\"widget\" data-settings=\"{&quot;step_next_label&quot;:&quot;Next&quot;,&quot;step_previous_label&quot;:&quot;Previous&quot;,&quot;button_width&quot;:&quot;100&quot;,&quot;step_type&quot;:&quot;number_text&quot;,&quot;step_icon_shape&quot;:&quot;circle&quot;}\" data-widget_type=\"form.default\">\n\t\t\t\t\t\t\t<form class=\"elementor-form\" method=\"post\" name=\"New Form\" aria-label=\"New Form\">\n\t\t\t<input type=\"hidden\" name=\"post_id\" value=\"23\"\/>\n\t\t\t<input type=\"hidden\" name=\"form_id\" value=\"97d5542\"\/>\n\t\t\t<input type=\"hidden\" name=\"referer_title\" value=\"\" \/>\n\n\t\t\t\t\t\t\t<input type=\"hidden\" name=\"queried_id\" value=\"23\"\/>\n\t\t\t\n\t\t\t<div class=\"elementor-form-fields-wrapper elementor-labels-above\">\n\t\t\t\t\t\t\t\t<div class=\"elementor-field-type-text elementor-field-group elementor-column elementor-field-group-name elementor-col-100\">\n\t\t\t\t\t\t\t\t\t\t\t\t\t<input size=\"1\" type=\"text\" name=\"form_fields[name]\" id=\"form-field-name\" class=\"elementor-field elementor-size-sm  elementor-field-textual\" placeholder=\"Nome Completo\">\n\t\t\t\t\t\t\t\t\t\t\t<\/div>\n\t\t\t\t\t\t\t\t<div class=\"elementor-field-type-email elementor-field-group elementor-column elementor-field-group-email elementor-col-100 elementor-field-required\">\n\t\t\t\t\t\t\t\t\t\t\t\t\t<input size=\"1\" type=\"email\" name=\"form_fields[email]\" id=\"form-field-email\" class=\"elementor-field elementor-size-sm  elementor-field-textual\" placeholder=\"Email\" required=\"required\">\n\t\t\t\t\t\t\t\t\t\t\t<\/div>\n\t\t\t\t\t\t\t\t<div class=\"elementor-field-type-tel elementor-field-group elementor-column elementor-field-group-field_565ce1c elementor-col-100\">\n\t\t\t\t\t\t\t<input size=\"1\" type=\"tel\" name=\"form_fields[field_565ce1c]\" id=\"form-field-field_565ce1c\" class=\"elementor-field elementor-size-sm  elementor-field-textual\" placeholder=\"Seu WhatsApp\" pattern=\"[0-9()#&amp;+*-=.]+\" title=\"Only numbers and phone characters (#, -, *, etc) are accepted.\">\n\n\t\t\t\t\t\t<\/div>\n\t\t\t\t\t\t\t\t<div class=\"elementor-field-group elementor-column elementor-field-type-submit elementor-col-100 e-form__buttons\">\n\t\t\t\t\t<button class=\"elementor-button elementor-size-sm\" type=\"submit\">\n\t\t\t\t\t\t<span class=\"elementor-button-content-wrapper\">\n\t\t\t\t\t\t\t\t\t\t\t\t\t\t\t\t\t\t\t\t\t\t<span class=\"elementor-button-text\"> QUERO RECEBER O GUIA GRATUITO<\/span>\n\t\t\t\t\t\t\t\t\t\t\t\t\t<\/span>\n\t\t\t\t\t<\/button>\n\t\t\t\t<\/div>\n\t\t\t<\/div>\n\t\t<\/form>\n\t\t\t\t\t\t<\/div>\n\t\t\t\t\t<\/div>\n\t\t\t\t<\/div>\n\t\t<div class=\"elementor-element elementor-element-3b747da e-con-full e-flex e-con e-parent\" data-id=\"3b747da\" data-element_type=\"container\" data-e-type=\"container\">\n\t\t<div class=\"elementor-element elementor-element-094ce17 e-con-full e-flex e-con e-child\" data-id=\"094ce17\" data-element_type=\"container\" data-e-type=\"container\">\n\t\t\t\t<div class=\"elementor-element elementor-element-069dc81 elementor-widget__width-initial elementor-widget elementor-widget-heading\" data-id=\"069dc81\" data-element_type=\"widget\" data-e-type=\"widget\" data-widget_type=\"heading.default\">\n\t\t\t\t\t<h2 class=\"elementor-heading-title elementor-size-default\">Benef\u00edcios<\/h2>\t\t\t\t<\/div>\n\t\t\t\t<div class=\"elementor-element elementor-element-82e1c8d elementor-widget__width-initial elementor-widget-mobile__width-inherit elementor-widget elementor-widget-text-editor\" data-id=\"82e1c8d\" data-element_type=\"widget\" data-e-type=\"widget\" data-widget_type=\"text-editor.default\">\n\t\t\t\t\t\t\t\t\t<p>Domine os 3 pilares do sucesso online \u2014 Entenda como grandes marcas estruturam seus canais de vendas e aplicam estrat\u00e9gias simples que geram resultados consistentes.<br \/><br \/>Transforme sua opera\u00e7\u00e3o em uma m\u00e1quina de vendas \u2014 Descubra como automatizar processos e aumentar o faturamento sem depender de altos investimentos em an\u00fancios.<br \/><br \/>Conquiste clientes que compram mais e voltam sempre \u2014 Use t\u00e9cnicas de reten\u00e7\u00e3o e experi\u00eancia de compra que criam valor real e fortalecem sua marca.<br \/><br \/>B\u00f4nus exclusivo: Checklist completo de otimiza\u00e7\u00e3o para sites, lojas virtuais e marketplaces \u2014 tudo pronto para aplicar hoje mesmo!<\/p>\t\t\t\t\t\t\t\t<\/div>\n\t\t\t\t<\/div>\n\t\t<div class=\"elementor-element elementor-element-8d63197 e-con-full e-flex e-con e-child\" data-id=\"8d63197\" data-element_type=\"container\" data-e-type=\"container\">\n\t\t\t\t<div class=\"elementor-element elementor-element-9b20413 elementor-widget elementor-widget-image\" data-id=\"9b20413\" data-element_type=\"widget\" data-e-type=\"widget\" data-widget_type=\"image.default\">\n\t\t\t\t\t\t\t\t\t\t\t\t\t\t\t<img decoding=\"async\" width=\"1626\" height=\"1628\" src=\"https:\/\/criacao.essencialmedia.com.br\/lpcapturaeobrigado\/wp-content\/uploads\/2025\/11\/Imagem.jpg\" class=\"attachment-full size-full wp-image-17\" alt=\"\" srcset=\"https:\/\/criacao.essencialmedia.com.br\/lpcapturaeobrigado\/wp-content\/uploads\/2025\/11\/Imagem.jpg 1626w, https:\/\/criacao.essencialmedia.com.br\/lpcapturaeobrigado\/wp-content\/uploads\/2025\/11\/Imagem-300x300.jpg 300w, https:\/\/criacao.essencialmedia.com.br\/lpcapturaeobrigado\/wp-content\/uploads\/2025\/11\/Imagem-1024x1024.jpg 1024w, https:\/\/criacao.essencialmedia.com.br\/lpcapturaeobrigado\/wp-content\/uploads\/2025\/11\/Imagem-150x150.jpg 150w, https:\/\/criacao.essencialmedia.com.br\/lpcapturaeobrigado\/wp-content\/uploads\/2025\/11\/Imagem-768x769.jpg 768w, https:\/\/criacao.essencialmedia.com.br\/lpcapturaeobrigado\/wp-content\/uploads\/2025\/11\/Imagem-1534x1536.jpg 1534w\" sizes=\"(max-width: 1626px) 100vw, 1626px\" \/>\t\t\t\t\t\t\t\t\t\t\t\t\t\t\t<\/div>\n\t\t\t\t<\/div>\n\t\t\t\t<\/div>\n\t\t<div class=\"elementor-element elementor-element-be4efaf e-con-full e-flex e-con e-parent\" data-id=\"be4efaf\" data-element_type=\"container\" data-e-type=\"container\">\n\t\t<div class=\"elementor-element elementor-element-dc75f76 e-con-full elementor-hidden-mobile e-flex e-con e-child\" data-id=\"dc75f76\" data-element_type=\"container\" data-e-type=\"container\">\n\t\t\t\t<div class=\"elementor-element elementor-element-a5162b6 elementor-widget elementor-widget-image\" data-id=\"a5162b6\" data-element_type=\"widget\" data-e-type=\"widget\" data-widget_type=\"image.default\">\n\t\t\t\t\t\t\t\t\t\t\t\t\t\t\t<img decoding=\"async\" width=\"1710\" height=\"1698\" src=\"https:\/\/criacao.essencialmedia.com.br\/lpcapturaeobrigado\/wp-content\/uploads\/2025\/11\/Imagem-1.png\" class=\"attachment-full size-full wp-image-16\" alt=\"\" srcset=\"https:\/\/criacao.essencialmedia.com.br\/lpcapturaeobrigado\/wp-content\/uploads\/2025\/11\/Imagem-1.png 1710w, https:\/\/criacao.essencialmedia.com.br\/lpcapturaeobrigado\/wp-content\/uploads\/2025\/11\/Imagem-1-300x298.png 300w, https:\/\/criacao.essencialmedia.com.br\/lpcapturaeobrigado\/wp-content\/uploads\/2025\/11\/Imagem-1-1024x1017.png 1024w, https:\/\/criacao.essencialmedia.com.br\/lpcapturaeobrigado\/wp-content\/uploads\/2025\/11\/Imagem-1-150x150.png 150w, https:\/\/criacao.essencialmedia.com.br\/lpcapturaeobrigado\/wp-content\/uploads\/2025\/11\/Imagem-1-768x763.png 768w, https:\/\/criacao.essencialmedia.com.br\/lpcapturaeobrigado\/wp-content\/uploads\/2025\/11\/Imagem-1-1536x1525.png 1536w\" sizes=\"(max-width: 1710px) 100vw, 1710px\" \/>\t\t\t\t\t\t\t\t\t\t\t\t\t\t\t<\/div>\n\t\t\t\t<\/div>\n\t\t<div class=\"elementor-element elementor-element-6f7d711 e-con-full e-flex e-con e-child\" data-id=\"6f7d711\" data-element_type=\"container\" data-e-type=\"container\">\n\t\t\t\t<div class=\"elementor-element elementor-element-d3c5cc7 elementor-widget__width-initial elementor-widget elementor-widget-heading\" data-id=\"d3c5cc7\" data-element_type=\"widget\" data-e-type=\"widget\" data-widget_type=\"heading.default\">\n\t\t\t\t\t<h2 class=\"elementor-heading-title elementor-size-default\">Pronto para dar o pr\u00f3ximo passo?<\/h2>\t\t\t\t<\/div>\n\t\t\t\t<div class=\"elementor-element elementor-element-2904d10 elementor-widget__width-initial elementor-widget elementor-widget-text-editor\" data-id=\"2904d10\" data-element_type=\"widget\" data-e-type=\"widget\" data-widget_type=\"text-editor.default\">\n\t\t\t\t\t\t\t\t\t<p>Inscreva-se agora e receba gratuitamente o Guia Pr\u00e1tico de Estrutura de Vendas no seu e-mail.\u2028<\/p><p><br \/>Em poucos minutos, voc\u00ea entender\u00e1 exatamente o que est\u00e1 travando o crescimento do seu neg\u00f3cio \u2014 e como destravar isso de forma estrat\u00e9gica.<\/p>\t\t\t\t\t\t\t\t<\/div>\n\t\t\t\t<div class=\"elementor-element elementor-element-0060d34 elementor-widget elementor-widget-counter\" data-id=\"0060d34\" data-element_type=\"widget\" data-e-type=\"widget\" data-widget_type=\"counter.default\">\n\t\t\t\t\t\t\t<div class=\"elementor-counter\">\n\t\t\t\t\t\t<div class=\"elementor-counter-number-wrapper\">\n\t\t\t\t<span class=\"elementor-counter-number-prefix\">+<\/span>\n\t\t\t\t<span class=\"elementor-counter-number\" data-duration=\"2000\" data-to-value=\"5000\" data-from-value=\"0\" data-delimiter=\",\">0<\/span>\n\t\t\t\t<span class=\"elementor-counter-number-suffix\"><\/span>\n\t\t\t<\/div>\n\t\t<\/div>\n\t\t\t\t\t\t<\/div>\n\t\t\t\t<div class=\"elementor-element elementor-element-f8665ad elementor-widget__width-initial elementor-widget elementor-widget-text-editor\" data-id=\"f8665ad\" data-element_type=\"widget\" data-e-type=\"widget\" data-widget_type=\"text-editor.default\">\n\t\t\t\t\t\t\t\t\t<p>empreendedores j\u00e1 aplicaram este m\u00e9todo e transformaram seus resultados. Sem spam, sem promessas vazias \u2014 apenas conte\u00fado pr\u00e1tico, direto e que realmente funciona.<\/p>\t\t\t\t\t\t\t\t<\/div>\n\t\t\t\t<\/div>\n\t\t\t\t<\/div>\n\t\t<div class=\"elementor-element elementor-element-a83aaa5 e-flex e-con-boxed e-con e-parent\" data-id=\"a83aaa5\" data-element_type=\"container\" data-e-type=\"container\">\n\t\t\t\t\t<div class=\"e-con-inner\">\n\t\t\t\t<div class=\"elementor-element elementor-element-67fbc03 elementor-widget__width-initial elementor-widget elementor-widget-heading\" data-id=\"67fbc03\" data-element_type=\"widget\" data-e-type=\"widget\" data-widget_type=\"heading.default\">\n\t\t\t\t\t<h2 class=\"elementor-heading-title elementor-size-default\">Para quem \u00e9 este guia?<\/h2>\t\t\t\t<\/div>\n\t\t\t\t\t<\/div>\n\t\t\t\t<\/div>\n\t\t<div class=\"elementor-element elementor-element-2bd47bf e-con-full e-flex e-con e-parent\" data-id=\"2bd47bf\" data-element_type=\"container\" data-e-type=\"container\">\n\t\t<div class=\"elementor-element elementor-element-c22f2f5 e-con-full e-flex e-con e-child\" data-id=\"c22f2f5\" data-element_type=\"container\" data-e-type=\"container\" data-settings=\"{&quot;background_background&quot;:&quot;classic&quot;}\">\n\t\t\t\t<div class=\"elementor-element elementor-element-5667093 elementor-widget elementor-widget-image\" data-id=\"5667093\" data-element_type=\"widget\" data-e-type=\"widget\" data-widget_type=\"image.default\">\n\t\t\t\t\t\t\t\t\t\t\t\t\t\t\t<img loading=\"lazy\" decoding=\"async\" width=\"156\" height=\"156\" src=\"https:\/\/criacao.essencialmedia.com.br\/lpcapturaeobrigado\/wp-content\/uploads\/2025\/11\/ICONES-2.png\" class=\"attachment-full size-full wp-image-12\" alt=\"\" srcset=\"https:\/\/criacao.essencialmedia.com.br\/lpcapturaeobrigado\/wp-content\/uploads\/2025\/11\/ICONES-2.png 156w, https:\/\/criacao.essencialmedia.com.br\/lpcapturaeobrigado\/wp-content\/uploads\/2025\/11\/ICONES-2-150x150.png 150w\" sizes=\"(max-width: 156px) 100vw, 156px\" \/>\t\t\t\t\t\t\t\t\t\t\t\t\t\t\t<\/div>\n\t\t\t\t<div class=\"elementor-element elementor-element-c9c675a elementor-widget elementor-widget-heading\" data-id=\"c9c675a\" data-element_type=\"widget\" data-e-type=\"widget\" data-widget_type=\"heading.default\">\n\t\t\t\t\t<h2 class=\"elementor-heading-title elementor-size-default\">Empreendedores<\/h2>\t\t\t\t<\/div>\n\t\t\t\t<div class=\"elementor-element elementor-element-635ee40 elementor-widget elementor-widget-text-editor\" data-id=\"635ee40\" data-element_type=\"widget\" data-e-type=\"widget\" data-widget_type=\"text-editor.default\">\n\t\t\t\t\t\t\t\t\t<p>Para quem j\u00e1 tem um neg\u00f3cio e deseja aumentar o faturamento com m\u00e9todos comprovados de estrutura de vendas.<\/p>\t\t\t\t\t\t\t\t<\/div>\n\t\t\t\t<\/div>\n\t\t<div class=\"elementor-element elementor-element-0698347 e-con-full e-flex e-con e-child\" data-id=\"0698347\" data-element_type=\"container\" data-e-type=\"container\" data-settings=\"{&quot;background_background&quot;:&quot;classic&quot;}\">\n\t\t\t\t<div class=\"elementor-element elementor-element-7f0399c elementor-widget elementor-widget-image\" data-id=\"7f0399c\" data-element_type=\"widget\" data-e-type=\"widget\" data-widget_type=\"image.default\">\n\t\t\t\t\t\t\t\t\t\t\t\t\t\t\t<img loading=\"lazy\" decoding=\"async\" width=\"156\" height=\"156\" src=\"https:\/\/criacao.essencialmedia.com.br\/lpcapturaeobrigado\/wp-content\/uploads\/2025\/11\/ICONES-1.png\" class=\"attachment-full size-full wp-image-11\" alt=\"\" srcset=\"https:\/\/criacao.essencialmedia.com.br\/lpcapturaeobrigado\/wp-content\/uploads\/2025\/11\/ICONES-1.png 156w, https:\/\/criacao.essencialmedia.com.br\/lpcapturaeobrigado\/wp-content\/uploads\/2025\/11\/ICONES-1-150x150.png 150w\" sizes=\"(max-width: 156px) 100vw, 156px\" \/>\t\t\t\t\t\t\t\t\t\t\t\t\t\t\t<\/div>\n\t\t\t\t<div class=\"elementor-element elementor-element-fe99b70 elementor-widget elementor-widget-heading\" data-id=\"fe99b70\" data-element_type=\"widget\" data-e-type=\"widget\" data-widget_type=\"heading.default\">\n\t\t\t\t\t<h2 class=\"elementor-heading-title elementor-size-default\">Profissionais de servi\u00e7os<\/h2>\t\t\t\t<\/div>\n\t\t\t\t<div class=\"elementor-element elementor-element-7840c9f elementor-widget elementor-widget-text-editor\" data-id=\"7840c9f\" data-element_type=\"widget\" data-e-type=\"widget\" data-widget_type=\"text-editor.default\">\n\t\t\t\t\t\t\t\t\t<p>Ideal para aut\u00f4nomos e prestadores que buscam atrair clientes qualificados e fechar mais contratos.<\/p>\t\t\t\t\t\t\t\t<\/div>\n\t\t\t\t<\/div>\n\t\t<div class=\"elementor-element elementor-element-fc32ced e-con-full e-flex e-con e-child\" data-id=\"fc32ced\" data-element_type=\"container\" data-e-type=\"container\" data-settings=\"{&quot;background_background&quot;:&quot;classic&quot;}\">\n\t\t\t\t<div class=\"elementor-element elementor-element-bc6fe15 elementor-widget elementor-widget-image\" data-id=\"bc6fe15\" data-element_type=\"widget\" data-e-type=\"widget\" data-widget_type=\"image.default\">\n\t\t\t\t\t\t\t\t\t\t\t\t\t\t\t<img loading=\"lazy\" decoding=\"async\" width=\"156\" height=\"156\" src=\"https:\/\/criacao.essencialmedia.com.br\/lpcapturaeobrigado\/wp-content\/uploads\/2025\/11\/ICONES.png\" class=\"attachment-full size-full wp-image-14\" alt=\"\" srcset=\"https:\/\/criacao.essencialmedia.com.br\/lpcapturaeobrigado\/wp-content\/uploads\/2025\/11\/ICONES.png 156w, https:\/\/criacao.essencialmedia.com.br\/lpcapturaeobrigado\/wp-content\/uploads\/2025\/11\/ICONES-150x150.png 150w\" sizes=\"(max-width: 156px) 100vw, 156px\" \/>\t\t\t\t\t\t\t\t\t\t\t\t\t\t\t<\/div>\n\t\t\t\t<div class=\"elementor-element elementor-element-e07cbb4 elementor-widget elementor-widget-heading\" data-id=\"e07cbb4\" data-element_type=\"widget\" data-e-type=\"widget\" data-widget_type=\"heading.default\">\n\t\t\t\t\t<h2 class=\"elementor-heading-title elementor-size-default\">Iniciantes no digital<\/h2>\t\t\t\t<\/div>\n\t\t\t\t<div class=\"elementor-element elementor-element-0e3bfca elementor-widget elementor-widget-text-editor\" data-id=\"0e3bfca\" data-element_type=\"widget\" data-e-type=\"widget\" data-widget_type=\"text-editor.default\">\n\t\t\t\t\t\t\t\t\t<p>Perfeito para quem est\u00e1 come\u00e7ando e quer evitar erros e construir uma base s\u00f3lida desde o in\u00edcio.<\/p>\t\t\t\t\t\t\t\t<\/div>\n\t\t\t\t<\/div>\n\t\t\t\t<\/div>\n\t\t<div class=\"elementor-element elementor-element-4e6d7a4 e-flex e-con-boxed e-con e-parent\" data-id=\"4e6d7a4\" data-element_type=\"container\" data-e-type=\"container\">\n\t\t\t\t\t<div class=\"e-con-inner\">\n\t\t\t\t<div class=\"elementor-element elementor-element-4f72b97 elementor-widget__width-initial elementor-widget elementor-widget-heading\" data-id=\"4f72b97\" data-element_type=\"widget\" data-e-type=\"widget\" data-widget_type=\"heading.default\">\n\t\t\t\t\t<h2 class=\"elementor-heading-title elementor-size-default\">Empreendedores que aplicaram o m\u00e9todo e viram seus resultados dispararem<\/h2>\t\t\t\t<\/div>\n\t\t\t\t\t<\/div>\n\t\t\t\t<\/div>\n\t\t<div class=\"elementor-element elementor-element-2ea7a42 e-con-full e-flex e-con e-parent\" data-id=\"2ea7a42\" data-element_type=\"container\" data-e-type=\"container\">\n\t\t<div class=\"elementor-element elementor-element-be99ddc e-con-full e-flex e-con e-child\" data-id=\"be99ddc\" data-element_type=\"container\" data-e-type=\"container\" data-settings=\"{&quot;background_background&quot;:&quot;classic&quot;}\">\n\t\t\t\t<div class=\"elementor-element elementor-element-37842db elementor-widget elementor-widget-text-editor\" data-id=\"37842db\" data-element_type=\"widget\" data-e-type=\"widget\" data-widget_type=\"text-editor.default\">\n\t\t\t\t\t\t\t\t\t<p>Lorem ipsum dolor sit amet, consectetur adipiscing elit. Vestibulum cursus at est non porta. Curabitur consequat lobortis accumsan. Lorem ipsum dolor sit amet, consectetur adipiscing elit. Sed ornare eleifend velit, eu porta lacus posuere vel.\u00a0<\/p>\t\t\t\t\t\t\t\t<\/div>\n\t\t\t\t<\/div>\n\t\t<div class=\"elementor-element elementor-element-bfc9251 e-con-full e-flex e-con e-child\" data-id=\"bfc9251\" data-element_type=\"container\" data-e-type=\"container\" data-settings=\"{&quot;background_background&quot;:&quot;classic&quot;}\">\n\t\t\t\t<div class=\"elementor-element elementor-element-3401d14 elementor-widget elementor-widget-text-editor\" data-id=\"3401d14\" data-element_type=\"widget\" data-e-type=\"widget\" data-widget_type=\"text-editor.default\">\n\t\t\t\t\t\t\t\t\t<p>Lorem ipsum dolor sit amet, consectetur adipiscing elit. Vestibulum cursus at est non porta. Curabitur consequat lobortis accumsan. Lorem ipsum dolor sit amet, consectetur adipiscing elit. Sed ornare eleifend velit, eu porta lacus posuere vel.\u00a0<\/p>\t\t\t\t\t\t\t\t<\/div>\n\t\t\t\t<\/div>\n\t\t<div class=\"elementor-element elementor-element-6035cb0 e-con-full e-flex e-con e-child\" data-id=\"6035cb0\" data-element_type=\"container\" data-e-type=\"container\" data-settings=\"{&quot;background_background&quot;:&quot;classic&quot;}\">\n\t\t\t\t<div class=\"elementor-element elementor-element-64725a4 elementor-widget elementor-widget-text-editor\" data-id=\"64725a4\" data-element_type=\"widget\" data-e-type=\"widget\" data-widget_type=\"text-editor.default\">\n\t\t\t\t\t\t\t\t\t<p>Lorem ipsum dolor sit amet, consectetur adipiscing elit. Vestibulum cursus at est non porta. Curabitur consequat lobortis accumsan. Lorem ipsum dolor sit amet, consectetur adipiscing elit. Sed ornare eleifend velit, eu porta lacus posuere vel.\u00a0<\/p>\t\t\t\t\t\t\t\t<\/div>\n\t\t\t\t<\/div>\n\t\t\t\t<\/div>\n\t\t<div class=\"elementor-element elementor-element-21b25fb e-flex e-con-boxed e-con e-parent\" data-id=\"21b25fb\" data-element_type=\"container\" data-e-type=\"container\">\n\t\t\t\t\t<div class=\"e-con-inner\">\n\t\t\t\t<div class=\"elementor-element elementor-element-2322eff elementor-align-center elementor-widget elementor-widget-button\" data-id=\"2322eff\" data-element_type=\"widget\" data-e-type=\"widget\" data-widget_type=\"button.default\">\n\t\t\t\t\t\t\t\t\t\t<a class=\"elementor-button elementor-button-link elementor-size-sm\" href=\"#\">\n\t\t\t\t\t\t<span class=\"elementor-button-content-wrapper\">\n\t\t\t\t\t\t\t\t\t<span class=\"elementor-button-text\">QUERO RECEBER O GUIA GRATUITO<\/span>\n\t\t\t\t\t<\/span>\n\t\t\t\t\t<\/a>\n\t\t\t\t\t\t\t\t<\/div>\n\t\t\t\t\t<\/div>\n\t\t\t\t<\/div>\n\t\t<div class=\"elementor-element elementor-element-e0083d0 e-con-full e-flex e-con e-parent\" data-id=\"e0083d0\" data-element_type=\"container\" data-e-type=\"container\" data-settings=\"{&quot;background_background&quot;:&quot;classic&quot;}\">\n\t\t\t\t<div class=\"elementor-element elementor-element-da75501 elementor-widget elementor-widget-video\" data-id=\"da75501\" data-element_type=\"widget\" data-e-type=\"widget\" data-settings=\"{&quot;youtube_url&quot;:&quot;https:\\\/\\\/www.youtube.com\\\/watch?v=XHOmBV4js_E&quot;,&quot;show_image_overlay&quot;:&quot;yes&quot;,&quot;image_overlay&quot;:{&quot;url&quot;:&quot;https:\\\/\\\/criacao.essencialmedia.com.br\\\/lpcapturaeobrigado\\\/wp-content\\\/uploads\\\/2025\\\/11\\\/Imagem-2-scaled.png&quot;,&quot;id&quot;:21,&quot;size&quot;:&quot;&quot;,&quot;alt&quot;:&quot;&quot;,&quot;source&quot;:&quot;library&quot;},&quot;video_type&quot;:&quot;youtube&quot;,&quot;controls&quot;:&quot;yes&quot;}\" data-widget_type=\"video.default\">\n\t\t\t\t\t\t\t<div class=\"elementor-wrapper elementor-open-inline\">\n\t\t\t<div class=\"elementor-video\"><\/div>\t\t\t\t<div class=\"elementor-custom-embed-image-overlay\" style=\"background-image: url(https:\/\/criacao.essencialmedia.com.br\/lpcapturaeobrigado\/wp-content\/uploads\/2025\/11\/Imagem-2-scaled.png);\">\n\t\t\t\t\t\t\t\t\t\t\t\t\t\t<\/div>\n\t\t\t\t\t<\/div>\n\t\t\t\t\t\t<\/div>\n\t\t\t\t<\/div>\n\t\t\t\t<\/div>\n\t\t","protected":false},"excerpt":{"rendered":"<p>Descubra Como Multiplicar Suas Vendas Online Receba gratuitamente o Guia Pr\u00e1tico de Estrutura de Vendas, usado por empresas que crescem at\u00e9 300% em menos de 6 meses. Benef\u00edcios Domine os 3 pilares do sucesso online \u2014 Entenda como grandes marcas estruturam seus canais de vendas e aplicam estrat\u00e9gias simples que geram resultados consistentes. Transforme sua [&hellip;]<\/p>\n","protected":false},"author":1,"featured_media":0,"parent":0,"menu_order":0,"comment_status":"closed","ping_status":"closed","template":"elementor_canvas","meta":{"footnotes":""},"class_list":["post-23","page","type-page","status-publish","hentry"],"_links":{"self":[{"href":"https:\/\/criacao.essencialmedia.com.br\/lpcapturaeobrigado\/wp-json\/wp\/v2\/pages\/23","targetHints":{"allow":["GET"]}}],"collection":[{"href":"https:\/\/criacao.essencialmedia.com.br\/lpcapturaeobrigado\/wp-json\/wp\/v2\/pages"}],"about":[{"href":"https:\/\/criacao.essencialmedia.com.br\/lpcapturaeobrigado\/wp-json\/wp\/v2\/types\/page"}],"author":[{"embeddable":true,"href":"https:\/\/criacao.essencialmedia.com.br\/lpcapturaeobrigado\/wp-json\/wp\/v2\/users\/1"}],"replies":[{"embeddable":true,"href":"https:\/\/criacao.essencialmedia.com.br\/lpcapturaeobrigado\/wp-json\/wp\/v2\/comments?post=23"}],"version-history":[{"count":40,"href":"https:\/\/criacao.essencialmedia.com.br\/lpcapturaeobrigado\/wp-json\/wp\/v2\/pages\/23\/revisions"}],"predecessor-version":[{"id":93,"href":"https:\/\/criacao.essencialmedia.com.br\/lpcapturaeobrigado\/wp-json\/wp\/v2\/pages\/23\/revisions\/93"}],"wp:attachment":[{"href":"https:\/\/criacao.essencialmedia.com.br\/lpcapturaeobrigado\/wp-json\/wp\/v2\/media?parent=23"}],"curies":[{"name":"wp","href":"https:\/\/api.w.org\/{rel}","templated":true}]}}